{"id":2751,"date":"2022-05-23T01:38:33","date_gmt":"2022-05-22T23:38:33","guid":{"rendered":"http:\/\/ressourcescoaching.com\/?page_id=2751"},"modified":"2026-03-08T12:01:06","modified_gmt":"2026-03-08T11:01:06","slug":"yoga","status":"publish","type":"page","link":"https:\/\/ressourcescoaching.com\/index.php\/accueil\/yoga\/","title":{"rendered":"Retraites yoga"},"content":{"rendered":"<section  class=\"section full_stretch_row_content fullwidth  vc_custom_1700165747937\"><div class=\"row\"><div class=\"wpb_column col-md-6 have-padding  vc_custom_1700165436382\"><div class=\"item-padd-mob section-text text-block \" ><div class=\"simple-text md\"><div class=\"simple-text lg\" style=\"text-align: right\">\n<h2 style=\"font-family: 'Playfair Display';color: #472200;font-size: 60px;padding: 40px;text-align: left;line-height: 48px\">Un temps de retrait,<br \/>\nde d\u00e9connexion<br \/>\ndu quotidien,<br \/>\npour se reconnecter<br \/>\n\u00e0 soi<\/h2>\n<\/div>\n<\/div><\/div><\/div><div class=\"wpb_column col-md-6 have-padding\">[vc_empty_space height=&#8221;70px&#8221;]<div class=\"item-padd-mob section-text text-block \" ><div class=\"simple-text md\"><p>J&#8217;organise des \u00e9v\u00e8nements bien-\u00eatre &amp; coaching dans des environnements naturels et pr\u00e9serv\u00e9s.<\/p>\n<p>En collaboration avec : <strong>Ulrike Zander<\/strong>, professeure de Yoga (Vinyasa, yin yoga, yoga hormonal) <a href=\"https:\/\/ulrikezander.com\/fr\/\" target=\"_blank\" rel=\"noopener\">https:\/\/ulrikezander.com\/fr\/<\/a><\/p>\n<p>&nbsp;<\/p>\n<p>&nbsp;<\/p>\n<p>La prochaine retraite Yoga &amp; Coaching &#8220;retour \u00e0 soi&#8221; \/ R\u00e9g\u00e9n\u00e9ration , aura lieu dans les Pyr\u00e9n\u00e9es, avec l&#8217;association TALA\u00c9<br \/>\n<strong>du jeudi 22 au dimanche 25 octobre 2026.<\/strong><\/p>\n<p>Offre Early bird : remise de 50\u20ac jusqu&#8217;au 31 mars avec le code EARLY<br \/>\nVenez \u00e0 2 : remise suppl\u00e9mentaire de 25\u20ac chacune<\/p>\n<p>&nbsp;<\/p>\n<p>Les inscriptions &#8220;confidentielles&#8221; <strong>sont ouvertes <\/strong>(petit groupe de 10 participantes maximum) <strong>\u00a0: pensez \u00e0 r\u00e9server votre place assez t\u00f4t.<\/strong><\/p>\n<\/div><\/div><div class=\"item-padd-mob section-text text-block \" ><div class=\"simple-text md\"><\/div><\/div>[vc_btn title=&#8221;Plaquette Retraite Yoga &amp; Coaching 2026 (en format pdf)&#8221; style=&#8221;classic&#8221; color=&#8221;white&#8221; link=&#8221;url:https%3A%2F%2Fressourcescoaching.com%2Fwp-content%2Fuploads%2F2025%2F12%2F2026_Retraite_Yoga_livecoaching.pdf|title:Plaquette%20Retraite%20Yoga%20%26%20Coaching%202026%20(format%20pdf)|target:%20_blank|&#8221;][vc_btn title=&#8221;Je r\u00e9serve ma place&#8221; link=&#8221;url:https%3A%2F%2Ftalae.s2.yapla.com%2Ffr%2Fevent-100253||target:%20_blank|&#8221;]<\/div><\/div><\/section><section  class=\"section no\"><div class=\"row\"><div class=\"wpb_column col-md-12 have-padding\">[vc_empty_space height=&#8221;25px&#8221;]<div class=\"item-padd-mob section-text text-block \" ><div class=\"simple-text md\"><p><strong>Nous proposons \u00e9galement des programmes sur mesure en entreprise dans le cadre de vos programmes &#8220;qualit\u00e9 de vie au travail&#8221;, bien-\u00eatre du leader, du manager, des \u00e9quipes.<\/strong><\/p>\n<p><strong>Plusieurs formules possible : 1\/2 journ\u00e9e, journ\u00e9e sur site ou \u00e0 associer \u00e0 un s\u00e9jour \u00e9v\u00e8nement d&#8217;entreprise.<\/strong><br \/>\n<strong>Entreprises, structures, associations, contactez-nous pour en parler.<\/strong><\/p>\n<\/div><\/div><\/div><\/div><\/section><section  class=\"section stretch_row_content fullwidth\"><div class=\"row\"><div class=\"wpb_column col-md-6 have-padding\">[vc_gallery interval=&#8221;5&#8243; images=&#8221;4599,4596,4597,4598&#8243; img_size=&#8221;large&#8221; onclick=&#8221;img_link_large&#8221;]<\/div><div class=\"wpb_column col-md-6 have-padding\">[vc_custom_heading text=&#8221;T\u00e9moignages&#8221; font_container=&#8221;tag:h2|text_align:left|color:%23472200|line_height:1.2&#8243; google_fonts=&#8221;font_family:Playfair%20Display%3Aregular%2Citalic%2C700%2C700italic%2C900%2C900italic|font_style:400%20regular%3A400%3Anormal&#8221;]<div class=\"item-padd-mob section-text text-block \" ><div class=\"simple-text md\"><p dir=\"auto\"><em>&#8220;J&#8217;aspirais \u00e0 un temps de pause et je n&#8217;ai pas \u00e9t\u00e9 d\u00e9\u00e7ue. Ce we avec Ulrike et M\u00e9lanie a \u00e9t\u00e9 plus profond que \u00e7a. Je me suis sentie cocoon\u00e9e, entour\u00e9e, accompagn\u00e9e. Les temps de yoga ont \u00e9t\u00e9 des temps de d\u00e9couvertes d&#8217;approches nouvelles pour moi.&#8221;<br \/>\n<\/em>(Elo\u00efse, 38 ans)<\/p>\n<p>&nbsp;<\/p>\n<p dir=\"auto\"><em>&#8220;J&#8217;ai appr\u00e9ci\u00e9 le coaching. je me suis sentie en confiance et j&#8217;ai appr\u00e9ci\u00e9 ces nouveaux outils pour mieux me conna\u00eetre.&#8221;<br \/>\n<\/em>(Anne, 19 ans)<\/p>\n<p><em>\u00a0<\/em><br \/>\n<em>&#8220;Le lieu (+Nora et Nicolas) \u00e9tait parfait. Nature, cuisine, magnifique g\u00eete, sauna &#8230; Sans compter les rencontres et les discussions informelles et si nourissantes (M\u00e9lanie, quand tu as parl\u00e9 de tes souvenirs en Inde (&#8230;)\u00a0 j&#8217;ai ador\u00e9 ce moment.<\/em><br \/>\n<em>Bref tout \u00e9tait r\u00e9uni pour un s\u00e9jour qui marque, qui rebooste et qui fait durablement du bien. <\/em><em>Un GRAND merci \u00e0 vous deux !!! &#8221;<br \/>\n<\/em>(Sophie, 47 ans)<\/p>\n<p>&nbsp;<\/p>\n<p><em>&#8221; Tout \u00e9tait l\u00e0, tout est l\u00e0 ! Merci, merci, merci pour ces moments hors du temps, pour cette belle alchimie, pour votre accompagnement, pour ces belles pratiques, pour cette combinaison Yoga Coaching, pour ce lieu , et pour ces belles d\u00e9couvertes des autres, de moi, de nous&#8221;.<br \/>\n<\/em>(Jeanne, 49 ans)<\/p>\n<p>&nbsp;<\/p>\n<p dir=\"auto\"><em>&#8220;J&#8217;ai appr\u00e9ci\u00e9 l&#8217;environnement comme un retour aux sources : nature, calme, beaut\u00e9.\u00a0<\/em><\/p>\n<p dir=\"auto\"><em>Et aussi dans le cercle que nous formions beaucoup de bienveillance et de confiance. L&#8217;\u00e9coute et le non jugement.&#8221;<br \/>\n<\/em>(Chantal, 52 ans)<\/p>\n<p dir=\"auto\"><em>\u00a0<\/em><\/p>\n<p dir=\"auto\"><em>&#8220;Cela m&#8217;a apport\u00e9 un l\u00e2cher prise physique gr\u00e2ce \u00e0 la pratique du yoga et gr\u00e2ce au coaching la r\u00e9v\u00e9lation d&#8217;un besoin vital pour moi : l&#8217;\u00e9criture.\u00a0 \u00a0 \u00a0 \u00a0 \u00a0Et j&#8217;ai \u00e9crit\u00a0 !!! <\/em><em>Merci \u00e0 vous deux d&#8217;avoir su trouver les moyens qui m&#8217;ont r\u00e9v\u00e9l\u00e9s un nouveau\u00a0 chemin de vie, la paix avec moi m\u00eame et l&#8217;estime de soi.\u00a0 \u00a0 \u00a0Du fond du c\u0153ur.&#8221;<br \/>\n<\/em>(Lise, 72 ans)<\/p>\n<p dir=\"auto\"><em><br \/>\n&#8220;Un programme d\u00e9roul\u00e9 avec beaucoup d&#8217;attention pour nous permettre de nous r\u00e9v\u00ealer, d&#8217;\u00e9claircir nos buts, et d&#8217;entrevoir clairement les outils en notre possession, nos forces.&#8221;<br \/>\n<\/em>(Nathalie, 42 ans)<\/p>\n<p>&nbsp;<\/p>\n<p><em>&#8220;Je me suis v\u00e9ritablement ressourc\u00e9e. Apais\u00e9e gr\u00e2ce au yoga. J&#8217;ai pu poser mes priorit\u00e9s gr\u00e2ce au coaching. Maintenant le plus dur reste \u00e0 faire. Poursuivre seule et m&#8217;y tenir. J&#8217;ai re\u00e7u beaucoup d&#8217;amour. L\u2019\u00e9coute, le respect et la bienveillance&#8221;.<br \/>\n<\/em>(Jade, 33 ans)<\/p>\n<p>&nbsp;<\/p>\n<p>* Par respect de confidentialit\u00e9, les pr\u00e9noms ont \u00e9t\u00e9 modifi\u00e9s<\/p>\n<\/div><\/div><\/div><div class=\"wpb_column col-md-12 have-padding\"><\/div><\/div><\/section><section  class=\"section no  vc_custom_1655047170905\"><div class=\"row\"><div class=\"wpb_column col-md-4 have-padding\"><\/div><div class=\"wpb_column col-md-4 have-padding\"><\/div><div class=\"wpb_column col-md-4 have-padding\"><\/div><\/div><\/section><section  class=\"section no\"><div class=\"row\"><div class=\"wpb_column col-md-12 have-padding\">[vc_separator]<\/div><\/div><\/section>\n","protected":false},"excerpt":{"rendered":"Un temps de retrait, de d\u00e9connexion du quotidien, pour se reconnecter \u00e0 soi [vc_empty_space height=\"70px\"]J'organise des \u00e9v\u00e8nements bien-\u00eatre &amp; coaching dans des environnements naturels et pr\u00e9serv\u00e9s. En collaboration avec : Ulrike Zander, professeure de Yoga (Vinyasa, yin yoga, yoga hormonal) https:\/\/ulrikezander.com\/fr\/ &nbsp; &nbsp; La prochaine retraite Yoga &amp; Coaching \"retour \u00e0 soi\" \/ R\u00e9g\u00e9n\u00e9ration , [...]","protected":false},"author":1,"featured_media":0,"parent":188,"menu_order":0,"comment_status":"closed","ping_status":"closed","template":"","meta":{"footnotes":""},"class_list":["post-2751","page","type-page","status-publish","hentry"],"jetpack_sharing_enabled":true,"_links":{"self":[{"href":"https:\/\/ressourcescoaching.com\/index.php\/wp-json\/wp\/v2\/pages\/2751","targetHints":{"allow":["GET"]}}],"collection":[{"href":"https:\/\/ressourcescoaching.com\/index.php\/wp-json\/wp\/v2\/pages"}],"about":[{"href":"https:\/\/ressourcescoaching.com\/index.php\/wp-json\/wp\/v2\/types\/page"}],"author":[{"embeddable":true,"href":"https:\/\/ressourcescoaching.com\/index.php\/wp-json\/wp\/v2\/users\/1"}],"replies":[{"embeddable":true,"href":"https:\/\/ressourcescoaching.com\/index.php\/wp-json\/wp\/v2\/comments?post=2751"}],"version-history":[{"count":173,"href":"https:\/\/ressourcescoaching.com\/index.php\/wp-json\/wp\/v2\/pages\/2751\/revisions"}],"predecessor-version":[{"id":4605,"href":"https:\/\/ressourcescoaching.com\/index.php\/wp-json\/wp\/v2\/pages\/2751\/revisions\/4605"}],"up":[{"embeddable":true,"href":"https:\/\/ressourcescoaching.com\/index.php\/wp-json\/wp\/v2\/pages\/188"}],"wp:attachment":[{"href":"https:\/\/ressourcescoaching.com\/index.php\/wp-json\/wp\/v2\/media?parent=2751"}],"curies":[{"name":"wp","href":"https:\/\/api.w.org\/{rel}","templated":true}]}}