{"id":2748,"date":"2022-05-23T01:35:58","date_gmt":"2022-05-22T23:35:58","guid":{"rendered":"http:\/\/ressourcescoaching.com\/?page_id=2748"},"modified":"2026-04-06T17:46:41","modified_gmt":"2026-04-06T15:46:41","slug":"professionnels","status":"publish","type":"page","link":"https:\/\/ressourcescoaching.com\/index.php\/accueil\/professionnels\/","title":{"rendered":"Professionnels"},"content":{"rendered":"<section  class=\"section full_stretch_row_content fullwidth  vc_custom_1708613782611\"><div class=\"row\"><div class=\"wpb_column col-md-6 col-sm-3 have-padding  vc_custom_1700157930823\"><div class=\"item-padd-mob section-text text-block custom-font-text-1775512675-373623704 \" ><div class=\"simple-text md\"><div class=\"simple-text lg\" style=\"text-align: right\">\n<h2 style=\"font-family: 'Playfair Display';color: #472200;font-size: 60px;padding: 35px;text-align: left;line-height: 48px\">Remettre l&#8217;humain<br \/>\nau coeur des enjeux de l&#8217;entreprise<\/h2>\n<\/div>\n<\/div><\/div><\/div><div class=\"wpb_column col-md-6 have-padding  vc_custom_1655327591342\">[vc_empty_space height=&#8221;60px&#8221;]<div class=\"item-padd-mob section-text text-block \" ><div class=\"simple-text md\"><p><strong>Leadership align\u00e9 et authentique<\/strong><\/p>\n<p><strong>Raison d&#8217;\u00eatre, mission et vision<\/strong><\/p>\n<p><strong>Gestion du stress<\/strong><\/p>\n<p><strong>Intelligence \u00e9motionnelle<\/strong><\/p>\n<p><strong>Intelligence collective\u00a0<\/strong><\/p>\n<p><strong>Communication interpersonnelle<\/strong><\/p>\n<p><strong>Coh\u00e9sion d&#8217;\u00e9quipe<\/strong><\/p>\n<p><strong>Transition<\/strong><\/p>\n<\/div><\/div><\/div><\/div><\/section><section  class=\"section no\"><div class=\"row\"><div class=\"wpb_column col-md-12 have-padding\">[vc_empty_space height=&#8221;20px&#8221;]<\/div><\/div><\/section><section  class=\"section no\"><div class=\"row\"><div class=\"wpb_column col-md-6 have-padding\">[vc_custom_heading text=&#8221;Entreprises, organisations&#8221; font_container=&#8221;tag:h2|text_align:left|color:%23472200&#8243; google_fonts=&#8221;font_family:Playfair%20Display%3Aregular%2Citalic%2C700%2C700italic%2C900%2C900italic|font_style:400%20regular%3A400%3Anormal&#8221;]<div class=\"item-padd-mob section-text text-block \" ><div class=\"simple-text md\"><p>Le COACHING PROFESSIONNEL &amp; EXECUTIF permet de travailler en profondeur sur chacune des th\u00e9matiques d&#8217;enjeux de l&#8217;entreprise et permet d&#8217;aider \u00e0 instaurer un \u00e9quilibre gagnant gagnant pour tout le monde :<br \/>\n<strong>sens, <\/strong>mission, <strong>vision<\/strong>, <strong>communication authentique<\/strong>, <strong>bien \u00eatre du leader<\/strong> , <strong>mieux-\u00eatre au travail<\/strong>, intelligence \u00e9motionnelle et <strong>gestion du stress<\/strong>, qu\u00eate de <strong>sens<\/strong>, performance, efficience, <strong>coh\u00e9sion<\/strong> d&#8217;\u00e9quipe &#8230;<\/p>\n<\/div><\/div><div class=\"item-padd-mob section-text text-block \" ><div class=\"simple-text md\"><p><strong>COACHING INDIVIDUEL<\/strong><br \/>\nNombre de dirigeant(e)s et d&#8217;entrepreneur(e)s peuvent se sentir seul(e)s dans l&#8217;exercice de leurs responsabilit\u00e9s.<\/p>\n<p>J&#8217;ai \u00e0 coeur de proposer des entretiens de <strong>coaching individuels aux leaders, dirigeant(e)s,\u00a0 managers et entrepreneur(e)s<\/strong>.<\/p>\n<p>&nbsp;<\/p>\n<p>Nos \u00e9changes r\u00e9guliers vous offrent un espace pr\u00e9cieux, en toute confidentialit\u00e9, pour le d\u00e9veloppement de votre<strong> leadership align\u00e9, performant et serein<\/strong> :<\/p>\n<p>Les b\u00e9n\u00e9fices :<\/p>\n<p>&#8211; garder, re-clarifier, ou r\u00e9-affirmer votre alignement \u00e0 la raison d&#8217;\u00eatre de votre entreprise,<br \/>\n&#8211; atteindre vos objectifs,<br \/>\n&#8211; mieux vous conna\u00eetre, et d\u00e9jouer vos pi\u00e8ges,<br \/>\n&#8211; prendre le recul n\u00e9cessaire pour faire les bons choix, d\u00e9velopper votre intuition,<br \/>\n&#8211; am\u00e9liorer votre communication interpersonnelle avec vos collaborateurs, vos \u00e9quipes, vos partenaires,<br \/>\n&#8211; g\u00e9rer vos \u00e9motions au quotidien et all\u00e9ger le stress&#8230;<\/p>\n<p><em>Modalit\u00e9s<\/em> : \u00e0 la s\u00e9ance ponctuellement, ou en forfait.<br \/>\nUn accompagnement mensuel renouvel\u00e9 chaque ann\u00e9e est optimal.<\/p>\n<p>&nbsp;<\/p>\n<p><strong>COACHING D&#8217;EQUIPE<\/strong><br \/>\nJe propose des accompagnements en coaching d&#8217;\u00e9quipe sous forme d&#8217;ateliers th\u00e9matique, de s\u00e9minaires de coh\u00e9sion d&#8217;\u00e9quipe, ou de supervisions de r\u00e9unions, .<\/p>\n<p>Les b\u00e9n\u00e9fices :<\/p>\n<p>&#8211; am\u00e9lioration de la dynamique d&#8217;\u00e9quipe et de l&#8217;entreprise par une organisation plus autonome, plus responsable , plus innovante.<br \/>\n&#8211; d\u00e9veloppement d&#8217;un leadership authentique,<br \/>\n&#8211; adaptation au changement,<br \/>\n&#8211; cr\u00e9ation d&#8217;une culture d&#8217;apprentissage,<br \/>\n&#8211; coh\u00e9sion, unit\u00e9 et optimisation des synergies entre membres de l&#8217;\u00e9quipe,<br \/>\n&#8211; alignement et coh\u00e9rence des objectifs et des actions,<\/p>\n<\/div><\/div>[vc_empty_space height=&#8221;20px&#8221;]<\/div><div class=\"wpb_column col-md-6 have-padding\">[vc_btn title=&#8221;Prendre RDV&#8221; link=&#8221;url:https%3A%2F%2Fcalendly.com%2Fmelanieportetledoze%2Fentretien-1ercontact-coaching|title:Prendre%20RDV|target:%20_blank|&#8221;][vc_single_image image=&#8221;4551&#8243; img_size=&#8221;large&#8221; alignment=&#8221;center&#8221;]<div class=\"item-padd-mob section-text text-block \" ><div class=\"simple-text md\"><\/div><\/div>[vc_empty_space height=&#8221;20px&#8221;]<\/div><\/div><\/section><section  class=\"section no\"><div class=\"row\"><div class=\"wpb_column col-md-6 have-padding\">[vc_empty_space height=&#8221;20px&#8221;][vc_separator][vc_empty_space height=&#8221;20px&#8221;][vc_custom_heading text=&#8221;Cr\u00e9er un impact positif et durable&#8221; font_container=&#8221;tag:h2|text_align:left|color:%23472200&#8243; google_fonts=&#8221;font_family:Playfair%20Display%3Aregular%2Citalic%2C700%2C700italic%2C900%2C900italic|font_style:400%20regular%3A400%3Anormal&#8221;][vc_empty_space height=&#8221;5px&#8221;]<div class=\"item-padd-mob section-text text-block \" ><div class=\"simple-text md\"><p>L&#8217;entreprise conna\u00eet actuellement une p\u00e9riode de mutation majeure. Nous sommes \u00e0 la crois\u00e9e de changements profonds notamment face aux anciens sch\u00e9mas structurels. Les enjeux et les besoins de chaque partie \u00e9voluent.<\/p>\n<p>&nbsp;<\/p>\n<p>Nous observons une p\u00e9riode de chaos (une \u00e9tape rappelons-le, qui fait partie de tout processus de transition importante).<br \/>\nLe contexte actuel, appel\u00e9 VUCA\/VICA (Volatile, Incertain, Complexe, Ambig\u00fce) est ressenti \u00e0 l&#8217;\u00e9chelle plan\u00e9taire. Les acteurs de l&#8217;entreprise le vivent \u00e9galement sous plusieurs aspects : une pression du r\u00e9sultat, un <strong>stress<\/strong> g\u00e9n\u00e9ral, des <strong>burn out<\/strong> en cha\u00eene, <strong>des difficult\u00e9s de communication<\/strong> des uns et des autres, des difficult\u00e9s d&#8217;embauche d&#8217;un c\u00f4t\u00e9, un <strong>bore out<\/strong>, une <strong>qu\u00eate de plus de sens<\/strong> et <strong>de mieux \u00eatre<\/strong> de l&#8217;autre &#8230;<\/p>\n<p>&nbsp;<\/p>\n<p>Dans ce contexte de plus en plus d&#8217;entreprises explorent d&#8217;autres fonctionnements. Elles y voient une opportunit\u00e9 pour <strong>se r\u00e9inventer<\/strong> et remettre l&#8217;humain au coeur des enjeux.<\/p>\n<\/div><\/div><\/div><div class=\"wpb_column col-md-6 have-padding\">[vc_empty_space height=&#8221;20px&#8221;][vc_separator][vc_empty_space height=&#8221;20px&#8221;]<div class=\"item-padd-mob section-text text-block \" ><div class=\"simple-text md\"><p>Certaines entreprises recherchent choisissent de s&#8217;engager vis \u00e0 vis de leur impact soci\u00e9tal, humain, environnemental (d\u00e9marches <strong>RSE<\/strong>, bien-\u00eatre au travail, qualit\u00e9 de vie au travail, nouvelles \u00e9co-\u00e9nergies, high et low tech \u00e9co innovantes, \u00e9conomie circulaire etc.).<\/p>\n<p>&nbsp;<\/p>\n<p>Les <strong>entreprises &#8220;\u00e0 mission&#8221;<\/strong> annoncent publiquement officiellement leur raison d&#8217;\u00eatre et leurs objectifs sociaux ou environnementaux (gr\u00e2ce \u00e0 la <a href=\"https:\/\/www.economie.gouv.fr\/cedef\/societe-mission\" target=\"_blank\" rel=\"noopener\">loi Pacte du 22 mai 2019<\/a>). Elles sont engag\u00e9es dans une mission de contribution soci\u00e9tale, riche de sens qui d\u00e9finit l&#8217;ensemble de leurs activit\u00e9s align\u00e9es \u00e0 cette mission.<\/p>\n<p>&nbsp;<\/p>\n<p>Les entreprise &#8220;lib\u00e9r\u00e9es&#8221; exp\u00e9rimentent de nouvelles formes de <strong>gouvernance plus \u00ab horizontale \u00bb , et \u00ab collaborative \u00bb<\/strong> .<\/p>\n<p>Serait-ce une cl\u00e9 pour concilier pleinement responsabilit\u00e9, efficacit\u00e9, performance et bien-\u00eatre au travail ?<\/p>\n<p>&nbsp;<\/p>\n<p>Quelle que soit son approche, l&#8217;entreprise a un r\u00f4le majeur \u00e0 jouer dans la soci\u00e9t\u00e9 que nous voulons cr\u00e9er.<\/p>\n<p>&nbsp;<\/p>\n<p><strong><a href=\"https:\/\/ressourcescoaching.com\/index.php\/accueil\/contact\/\">RENCONTRONS-NOUS<\/a> :<\/strong> Nous \u00e9tudierons ensemble vos besoins, pour votre accompagnement sur mesure.<\/p>\n<\/div><\/div>[vc_separator][vc_empty_space height=&#8221;15px&#8221;]<\/div><\/div><\/section><section  class=\"section no\"><div class=\"row\"><div class=\"wpb_column col-md-6 have-padding\">[vc_single_image image=&#8221;4417&#8243; img_size=&#8221;medium&#8221; alignment=&#8221;center&#8221;]<div class=\"item-padd-mob section-text text-block \" ><div class=\"simple-text md\"><\/div><\/div>[vc_separator border_width=&#8221;2&#8243;]<\/div><div class=\"wpb_column col-md-6 have-padding\"><div class=\"item-padd-mob section-text text-block \" ><div class=\"simple-text md\"><p>* <strong>Jeunes entrepreneur(e)s<\/strong>, je vous accompagne \u00e9galement \u00e0 d\u00e9finir votre mission, votre vision sur le long terme et d\u00e9rouler votre plan d&#8217;action entrepreunarial de mani\u00e8re \u00e9quilibr\u00e9<em>.<\/em><\/p>\n<p>&nbsp;<\/p>\n<p>* <strong>Aventuri\u00e8res, aventuriers, sportives, sportifs de haut niveau , navigatrices, navigateurs<\/strong> : je vous propose un coaching personnalis\u00e9 pour une meilleure gestion \u00e9motionnelle des enjeux de vos challenges et le d\u00e9ploiement de vos performances.<\/p>\n<p>&nbsp;<\/p>\n<p>* <strong>Professionnels de sant\u00e9 et de l&#8217;humanitaire<\/strong> : nous \u00e9laborons ensemble un coaching de pr\u00e9paration de vos missions sur le terrain, des enjeux des diff\u00e9rences multiculturelles, de communication interpersonnelle et de gestion de situation de crise, notamment face \u00e0 des \u00e9v\u00e8nements traumatiques.<\/p>\n<\/div><\/div><\/div><\/div><\/section>\n","protected":false},"excerpt":{"rendered":"Remettre l'humain au coeur des enjeux de l'entreprise [vc_empty_space height=\"60px\"]Leadership align\u00e9 et authentique Raison d'\u00eatre, mission et vision Gestion du stress Intelligence \u00e9motionnelle Intelligence collective\u00a0 Communication interpersonnelle Coh\u00e9sion d'\u00e9quipe Transition [vc_empty_space height=\"20px\"][vc_custom_heading text=\"Entreprises, organisations\" font_container=\"tag:h2|text_align:left|color:%23472200\" google_fonts=\"font_family:Playfair%20Display%3Aregular%2Citalic%2C700%2C700italic%2C900%2C900italic|font_style:400%20regular%3A400%3Anormal\"]Le COACHING PROFESSIONNEL &amp; EXECUTIF permet de travailler en profondeur sur chacune des th\u00e9matiques d'enjeux de l'entreprise et permet d'aider [...]","protected":false},"author":1,"featured_media":0,"parent":188,"menu_order":0,"comment_status":"closed","ping_status":"closed","template":"","meta":{"footnotes":""},"class_list":["post-2748","page","type-page","status-publish","hentry"],"jetpack_sharing_enabled":true,"_links":{"self":[{"href":"https:\/\/ressourcescoaching.com\/index.php\/wp-json\/wp\/v2\/pages\/2748","targetHints":{"allow":["GET"]}}],"collection":[{"href":"https:\/\/ressourcescoaching.com\/index.php\/wp-json\/wp\/v2\/pages"}],"about":[{"href":"https:\/\/ressourcescoaching.com\/index.php\/wp-json\/wp\/v2\/types\/page"}],"author":[{"embeddable":true,"href":"https:\/\/ressourcescoaching.com\/index.php\/wp-json\/wp\/v2\/users\/1"}],"replies":[{"embeddable":true,"href":"https:\/\/ressourcescoaching.com\/index.php\/wp-json\/wp\/v2\/comments?post=2748"}],"version-history":[{"count":203,"href":"https:\/\/ressourcescoaching.com\/index.php\/wp-json\/wp\/v2\/pages\/2748\/revisions"}],"predecessor-version":[{"id":4626,"href":"https:\/\/ressourcescoaching.com\/index.php\/wp-json\/wp\/v2\/pages\/2748\/revisions\/4626"}],"up":[{"embeddable":true,"href":"https:\/\/ressourcescoaching.com\/index.php\/wp-json\/wp\/v2\/pages\/188"}],"wp:attachment":[{"href":"https:\/\/ressourcescoaching.com\/index.php\/wp-json\/wp\/v2\/media?parent=2748"}],"curies":[{"name":"wp","href":"https:\/\/api.w.org\/{rel}","templated":true}]}}