{"id":2742,"date":"2022-05-23T01:30:52","date_gmt":"2022-05-22T23:30:52","guid":{"rendered":"http:\/\/ressourcescoaching.com\/?page_id=2742"},"modified":"2025-10-07T22:19:25","modified_gmt":"2025-10-07T20:19:25","slug":"particuliers","status":"publish","type":"page","link":"https:\/\/ressourcescoaching.com\/index.php\/accueil\/particuliers\/","title":{"rendered":"Particuliers"},"content":{"rendered":"<section  class=\"section full_stretch_row_content fullwidth  vc_custom_1700155006231\"><div class=\"row\"><div class=\"wpb_column col-md-6 col-sm-3 have-padding  vc_custom_1700158257021\"><div class=\"item-padd-mob section-text text-block \" ><div class=\"simple-text md\"><\/div><\/div><div class=\"item-padd-mob section-text text-block \" ><div class=\"simple-text md\"><div class=\"simple-text lg\" style=\"text-align: right\">\n<h2 style=\"font-family: 'Playfair Display';color: #472200;font-size: 60px;padding: 40px;line-height: 48px;text-align: left\">Vous aligner<br \/>\n\u00e0 vos valeurs,<br \/>\nvous r\u00e9v\u00e9ler<br \/>\net oser \u00eatre<br \/>\nvous<\/h2>\n<\/div>\n<\/div><\/div><\/div><div class=\"wpb_column col-md-6 have-padding  vc_custom_1700160163290\"><div class=\"item-padd-mob section-text text-block \" ><div class=\"simple-text md\"><p class=\"p1\" style=\"font-size: 14px;text-align: left\"><b>\u00c9quilibre vie pro \/ vie perso<\/b><\/p>\n<p class=\"p1\" style=\"font-size: 14px;color: ##472200;text-align: left\">Trouver le juste \u00e9quilibre pour avoir une vie professionnelle \u00e9panouissante tout en vous respectant vous-m\u00eame ainsi que vos besoins essentiels.<\/p>\n<p class=\"p3\" style=\"font-size: 14px;padding-top: 30px;text-align: left\"><b>Gestion \u00e9motionnelle<\/b><\/p>\n<p class=\"p1\" style=\"font-size: 14px;color: #472200;text-align: left\">D\u00e9velopper une meilleure connaissance, gestion, et intelligence \u00e9motionnelle au quotidien. Instaurer votre propre routine rituel bien-\u00eatre<\/p>\n<\/div><\/div><div class=\"item-padd-mob section-text text-block \" ><div class=\"simple-text md\"><p class=\"p3\" style=\"font-size: 14px;text-align: left\"><b>Affirmation de soi<\/b><\/p>\n<p class=\"p1\" style=\"font-size: 14px;color: ##472200;text-align: left\">Respecter vos limites, vos valeurs, am\u00e9liorer votre communication avec vous-m\u00eame et votre entourage, d\u00e9velopper votre <strong>assertivit\u00e9<\/strong>.<\/p>\n<p>&nbsp;<\/p>\n<p class=\"p3\" style=\"font-size: 14px;text-align: left\"><b>R\u00e9alisation d&#8217;un objectif, d&#8217;un r\u00eave<\/b><\/p>\n<p class=\"p1\" style=\"font-size: 14px;color: ##472200;text-align: left\">Clarifier l&#8217;enjeu, d\u00e9jouer les freins et suivre un plan d&#8217;action vers un objectif personnel.<\/p>\n<p>&nbsp;<\/p>\n<p class=\"p1\" style=\"font-size: 14px;text-align: left\"><b>Confiance en soi<\/b><\/p>\n<p class=\"p1\" style=\"font-size: 14px;color: ##472200;text-align: left\">D\u00e9couvrir ou (re)d\u00e9couvrir vos talents, les exprimer, les exp\u00e9rimenter et les d\u00e9velopper.<\/p>\n<\/div><\/div><\/div><\/div><\/section><section  class=\"section no\"><div class=\"row\"><div class=\"wpb_column col-md-6 have-padding\">[vc_empty_space height=&#8221;30px&#8221;][vc_custom_heading text=&#8221;Programme de coaching personnalis\u00e9&#8221; font_container=&#8221;tag:h2|text_align:left|color:%23472200&#8243; google_fonts=&#8221;font_family:Playfair%20Display%3Aregular%2Citalic%2C700%2C700italic%2C900%2C900italic|font_style:400%20regular%3A400%3Anormal&#8221;]<div class=\"item-padd-mob section-text text-block \" ><div class=\"simple-text md\"><p>Vous vous sentez concern\u00e9(e) par l&#8217;une de ces th\u00e9matiques, je vous propose un programme original d&#8217;accompagnement personnalis\u00e9.<\/p>\n<p>&nbsp;<\/p>\n<p>Un programme complet que j&#8217;adapte aux besoins personnels de chacune et chacun selon votre objectif.<br \/>\nJ&#8217;y inclus mes pratiques aussi bien de <strong>coaching classique<\/strong>, d&#8217;<strong>hypnose ericksonienne<\/strong>, de <strong>gestion et lib\u00e9ration \u00e9motionnelle (EFT)<\/strong> <strong>&#8230;<\/strong><\/p>\n<p>&nbsp;<\/p>\n<p><strong><a href=\"https:\/\/ressourcescoaching.com\/wp-content\/uploads\/2024\/03\/programmecoachingholistique.pdf\" target=\"_blank\" rel=\"noopener\">Le programme de coaching &#8211; plus de d\u00e9tails (format pdf)<\/a><\/strong><\/p>\n<\/div><\/div>[vc_empty_space height=&#8221;12px&#8221;]<div class=\"item-padd-mob section-text text-block \" ><div class=\"simple-text md\"><p><strong>Pourquoi ce programme ?<br \/>\n<\/strong><br \/>\nAu fil des ann\u00e9es de ma pratique, de mes formations, et de mes recherches sur l&#8217;humain et son fonctionnement, je me suis particuli\u00e8rement int\u00e9ress\u00e9e \u00e0 nos &#8220;bugs&#8221; (me d\u00e9battant moi-m\u00eame avec les miens) !<br \/>\nVous savez ces moments o\u00f9 nous retombons dans nos auto-sabotages, nous emp\u00eachant de nous d\u00e9ployer, d&#8217;aller au bout de nos objectifs et d&#8217;avoir une vie \u00e9panouie !<\/p>\n<p>&nbsp;<\/p>\n<p>Vivre pleinement , oser vivre ce \u00e0 quoi nous aspirons. Etre pleinement actrice et acteur de notre vie, sans d\u00e9pendre d&#8217;injonctions limitantes, s&#8217;autoriser \u00e0 \u00eatre et reprendre notre pouvoir personnel ! Voila pourquoi j&#8217;ai cr\u00e9\u00e9 ce programme inspir\u00e9 par mon parcours et mes outils.<\/p>\n<\/div><\/div>[vc_btn title=&#8221;1er appel d\u00e9couverte offert&#8221; link=&#8221;url:https%3A%2F%2Fcalendly.com%2Fmelanieportetledoze%2Fentretien-1ercontact-coaching|title:En%20savoir%20plus%20je%20r%C3%A9serve%20mon%20entretien%20offert|target:%20_blank|&#8221;]<\/div><div class=\"wpb_column col-md-6 have-padding\"><div class=\"item-padd-mob section-text text-block \" ><div class=\"simple-text md\"><\/div><\/div>[vc_empty_space][vc_single_image image=&#8221;4558&#8243; img_size=&#8221;450&#215;580&#8243; alignment=&#8221;center&#8221;][vc_empty_space]<div class=\"item-padd-mob section-text text-block \" ><div class=\"simple-text md\"><p style=\"text-align: center\"><strong>Un accompagnement en bienveillance, en douceur,<br \/>\nnon jugeant, parfois confrontant,<br \/>\namenant \u00e0 la prise de conscience personnelle,<br \/>\nla pleine responsabilit\u00e9,<br \/>\nla mise en action et l&#8217;autonomie.<\/strong><\/p>\n<\/div><\/div>[vc_empty_space]<\/div><\/div><\/section><section  class=\"section no\"><div class=\"row\"><div class=\"wpb_column col-md-6 have-padding\">[vc_separator border_width=&#8221;5&#8243;][vc_empty_space][vc_custom_heading text=&#8221;Autres forfaits coaching&#8221; font_container=&#8221;tag:h2|text_align:left|color:%23472200&#8243; google_fonts=&#8221;font_family:Playfair%20Display%3Aregular%2Citalic%2C700%2C700italic%2C900%2C900italic|font_style:400%20regular%3A400%3Anormal&#8221;]<div class=\"item-padd-mob section-text text-block \" ><div class=\"simple-text md\"><p><strong><br \/>\nAutres accompagnements individuels possible<\/strong><\/p>\n<p>&nbsp;<\/p>\n<p>Je propose \u00e9galement des <strong>forfaits de sessions de 3 ou 5 s\u00e9ances d&#8217;1 heure<\/strong> pour vous aider \u00e0 d\u00e9samorcer un blocage ponctuel concernant un objectif personnel ou professionnel ,\u00a0 identifier vos freins, vos ressources interne et externe, d\u00e9terminer un plan d\u2019action, et sa mise en place.<\/p>\n<\/div><\/div>[vc_separator]<\/div><div class=\"wpb_column col-md-6 have-padding\">[vc_separator border_width=&#8221;5&#8243;][vc_empty_space][vc_custom_heading text=&#8221;Sessions Hypnose \u00e9ricksonienne , EFT&#8221; font_container=&#8221;tag:h2|text_align:left|color:%23472200&#8243; google_fonts=&#8221;font_family:Playfair%20Display%3Aregular%2Citalic%2C700%2C700italic%2C900%2C900italic|font_style:400%20regular%3A400%3Anormal&#8221;]<div class=\"item-padd-mob section-text text-block \" ><div class=\"simple-text md\"><p style=\"text-align: left\"><strong><br \/>\nR\u00e9gulation \u00e9motionnelle<\/strong><\/p>\n<p>&nbsp;<\/p>\n<p>(dur\u00e9e de la s\u00e9ance\u00a0 50&#8242;)<br \/>\nAccompagnement concernant la r\u00e9gulation du stress, des \u00e9motions, d&#8217;\u00e9v\u00e8nements &#8220;traumatiques&#8221;, pr\u00e9paration d&#8217;un moment important (op\u00e9ration, examen, entretien) , ou tout autre th\u00e9matique favorisant votre mieux \u00eatre.<\/p>\n<\/div><\/div>[vc_separator][vc_btn title=&#8221;RDV Hypnose en visio (Zoom)&#8221; link=&#8221;url:https%3A%2F%2Fmeet.brevo.com%2Fmelanie-portet-le-doze%2Frdv-hypnose-visio|title:RDV%20Hypnose%20%2F%20EFT%20en%20visio|target:%20_blank|&#8221;][vc_btn title=&#8221;RDV Hypnose au cabinet Toulouse&#8221; link=&#8221;url:https%3A%2F%2Fmeet.brevo.com%2Fmelanie-portet-le-doze%2Frdv-hypnose-cabinet-toulouse|title:Rdv%20Hypnose%20%2F%20EFT%20pr%C3%A9sentiel%20au%20cabinet%20%C3%A0%20Toulouse|target:%20_blank|&#8221;]<\/div><\/div><\/section><section  class=\"section no\"><div class=\"row\"><div class=\"wpb_column col-md-12 have-padding  vc_custom_1708612544900\">[vc_separator border_width=&#8221;5&#8243;]<div class=\"item-padd-mob section-text text-block \" ><div class=\"simple-text md\"><p><strong><br \/>\nT\u00e9moignages<\/strong><em>\u00a0:<\/em><\/p>\n<p>&nbsp;<\/p>\n<div>\n<p><em>&#8220;Ce que j&#8217;ai appr\u00e9ci\u00e9 tout au long des s\u00e9ances, c&#8217;est le cadre tr\u00e8s rassurant des s\u00e9ances de coaching. Je me sens comme envelopp\u00e9e dans un cocon, tr\u00e8s s\u00e9curisant et accueillant, c&#8217;est un moment pour moi. Je m&#8217;accorde ce moment o\u00f9 je me sens totalement en confiance et je me sens libre de dire ce que je ressens sans aucune honte ou jugement.&#8221;<\/em><\/p>\n<p><em>&#8220;Les s\u00e9ances sont fortes en \u00e9motions et aussi en partages, et \u00e0 chaque fois je me sens comprise, consid\u00e9r\u00e9e et respect\u00e9e. J&#8217;ai \u00e9norm\u00e9ment grandi en exp\u00e9riences de vie gr\u00e2ce \u00e0 l&#8217;accompagnement de M\u00e9lanie.&#8221;<\/em><\/p>\n<\/div>\n<div>\n<p><em><br \/>\n&#8220;M\u00e9lanie est tr\u00e8s \u00e0 l&#8217;\u00e9coute, bienveillante, et elle trouve toujours les mots justes. Gr\u00e2ce \u00e0 elle, j&#8217;ai appris (et j&#8217;apprends toujours!) \u00e0 m&#8217;aimer, \u00e0 me valoriser et \u00e0 respecter mes valeurs.&#8221;<\/em><\/p>\n<p>&nbsp;<\/p>\n<p><em>&#8220;M\u00e9lanie apporte \u00e9norm\u00e9ment de soutien et d&#8217;outils pratiques \u00e0 utiliser au quotidien. Le coaching m&#8217;a permis de red\u00e9finir mes objectifs et de cr\u00e9er de nouvelles habitudes, notamment avec les outils. Et lorsque je sentais que je retombais dans mes anciens sch\u00e9mas d&#8217;habitude, M\u00e9lanie \u00e9tait pr\u00e9sente comme une &#8220;piq\u00fbre de rappel&#8221; pour m&#8217;orienter vers l&#8217;objectif que je m&#8217;\u00e9tais fix\u00e9. A chaque s\u00e9ance de coaching je me sens reboost\u00e9e, comme un souffle nouveau, une vague d&#8217;\u00e9nergie !&#8221;<\/em><\/p>\n<p>&nbsp;<\/p>\n<p><em>&#8220;Une journ\u00e9e de bien-\u00eatre centr\u00e9e sur moi-m\u00eame, sans stress ni pr\u00e9cipitation.<br \/>\n<\/em><em>Je te dois ce bonheur gr\u00e2ce au travail effectu\u00e9 ensemble pendant plusieurs mois. J\u2019ai trouv\u00e9 aupr\u00e8s de toi une \u00e9coute r\u00e9elle et bienveillante. Tu as su d\u00e9tecter mes forces et mes faiblesses. Tu t\u2019es adapt\u00e9e \u00e0 ma personnalit\u00e9, mes centres d\u2019int\u00e9r\u00eats et par tes questions justes tu m\u2019as amen\u00e9 \u00e0 avancer dans une d\u00e9marche et une r\u00e9flexion profonde.&#8221;<\/em><\/p>\n<p>&nbsp;<\/p>\n<p><em>&#8220;Ton accompagnement non intrusif et intelligent m\u2019a permis d\u2019\u00e9clairer mes attentes et de mettre en place une d\u00e9marche pour les atteindre. <\/em><em>Et tu m\u2019as propos\u00e9 des outils concrets dans ce but. Un programme complet sur mesure finalis\u00e9 par ma grande \u00e9toile.<br \/>\n<\/em><em>Je te dois beaucoup et je te remercie du fond du c\u0153ur.&#8221;<\/em><\/p>\n<\/div>\n<\/div><\/div><\/div><\/div><\/section>\n","protected":false},"excerpt":{"rendered":"Vous aligner \u00e0 vos valeurs, vous r\u00e9v\u00e9ler et oser \u00eatre vous \u00c9quilibre vie pro \/ vie perso Trouver le juste \u00e9quilibre pour avoir une vie professionnelle \u00e9panouissante tout en vous respectant vous-m\u00eame ainsi que vos besoins essentiels. Gestion \u00e9motionnelle D\u00e9velopper une meilleure connaissance, gestion, et intelligence \u00e9motionnelle au quotidien. Instaurer votre propre routine rituel bien-\u00eatre [...]","protected":false},"author":1,"featured_media":0,"parent":188,"menu_order":0,"comment_status":"closed","ping_status":"closed","template":"","meta":{"footnotes":""},"class_list":["post-2742","page","type-page","status-publish","hentry"],"jetpack_sharing_enabled":true,"_links":{"self":[{"href":"https:\/\/ressourcescoaching.com\/index.php\/wp-json\/wp\/v2\/pages\/2742","targetHints":{"allow":["GET"]}}],"collection":[{"href":"https:\/\/ressourcescoaching.com\/index.php\/wp-json\/wp\/v2\/pages"}],"about":[{"href":"https:\/\/ressourcescoaching.com\/index.php\/wp-json\/wp\/v2\/types\/page"}],"author":[{"embeddable":true,"href":"https:\/\/ressourcescoaching.com\/index.php\/wp-json\/wp\/v2\/users\/1"}],"replies":[{"embeddable":true,"href":"https:\/\/ressourcescoaching.com\/index.php\/wp-json\/wp\/v2\/comments?post=2742"}],"version-history":[{"count":339,"href":"https:\/\/ressourcescoaching.com\/index.php\/wp-json\/wp\/v2\/pages\/2742\/revisions"}],"predecessor-version":[{"id":4559,"href":"https:\/\/ressourcescoaching.com\/index.php\/wp-json\/wp\/v2\/pages\/2742\/revisions\/4559"}],"up":[{"embeddable":true,"href":"https:\/\/ressourcescoaching.com\/index.php\/wp-json\/wp\/v2\/pages\/188"}],"wp:attachment":[{"href":"https:\/\/ressourcescoaching.com\/index.php\/wp-json\/wp\/v2\/media?parent=2742"}],"curies":[{"name":"wp","href":"https:\/\/api.w.org\/{rel}","templated":true}]}}