{"id":2,"date":"2021-05-03T09:56:38","date_gmt":"2021-05-03T07:56:38","guid":{"rendered":"http:\/\/ressourcescoaching.com\/?page_id=2"},"modified":"2025-11-17T20:31:36","modified_gmt":"2025-11-17T19:31:36","slug":"votrecoach","status":"publish","type":"page","link":"https:\/\/ressourcescoaching.com\/index.php\/accueil\/votrecoach\/","title":{"rendered":"A propos"},"content":{"rendered":"<section  class=\"section full_stretch_row_content fullwidth  vc_custom_1708611135587\"><div class=\"row\"><div class=\"wpb_column col-md-6 have-padding  vc_custom_1653261346263\">[vc_empty_space][vc_custom_heading text=&#8221;M\u00e9lanie Portet-le Doze<br \/>\nCoach anthropologue&#8221; font_container=&#8221;tag:h2|text_align:right|color:%23472200|line_height:1.2&#8243; google_fonts=&#8221;font_family:Playfair%20Display%3Aregular%2Citalic%2C700%2C700italic%2C900%2C900italic|font_style:700%20bold%20regular%3A700%3Anormal&#8221;][vc_empty_space height=&#8221;50px&#8221;][vc_single_image image=&#8221;4540&#8243; img_size=&#8221;large&#8221; alignment=&#8221;center&#8221; style=&#8221;vc_box_rounded&#8221;][vc_empty_space height=&#8221;50px&#8221;]<\/div><div class=\"wpb_column col-md-6 have-padding  vc_custom_1653245984428\">[vc_empty_space]<div class=\"item-padd-mob section-text text-block \" ><div class=\"simple-text md\"><p class=\"p1\">Passionn\u00e9e par l\u2019exploration du monde et du fonctionnement humain, j\u2019ai d\u2019abord choisi l\u2019anthropologie pour comprendre la richesse des cultures et des mani\u00e8res d\u2019\u00eatre au monde. Ce chemin m\u2019a ensuite conduite vers la communication, puis naturellement vers le coaching \u2014 une voie o\u00f9 la connaissance de soi et la relation \u00e0 l\u2019autre prennent tout leur sens.<\/p>\n<\/div><\/div>[vc_custom_heading text=&#8221;Anim\u00e9e par une qu\u00eate d&#8217;alignement et de sens,&#8221; font_container=&#8221;tag:h2|text_align:left|color:%23472200|line_height:1.2&#8243; google_fonts=&#8221;font_family:Playfair%20Display%3Aregular%2Citalic%2C700%2C700italic%2C900%2C900italic|font_style:700%20bold%20regular%3A700%3Anormal&#8221;][vc_empty_space height=&#8221;10px&#8221;]<div class=\"item-padd-mob section-text text-block \" ><div class=\"simple-text md\"><p data-start=\"671\" data-end=\"1126\">je crois profond\u00e9ment que le bien-\u00eatre de chacun repose sur un \u00e9quilibre harmonieux entre vie personnelle et vie professionnelle.<br data-start=\"846\" data-end=\"849\" \/>Prendre soin de soi \u2014 de ses limites, de ses besoins, de ses valeurs \u2014 c\u2019est aussi prendre soin du monde autour de soi. Plus nous cultivons notre propre \u00e9quilibre physique, \u00e9motionnel, mental et \u00e9nerg\u00e9tique, plus nous apportons notre contribution de mani\u00e8re\u00a0 juste, harmonieuse et durable.<\/p>\n<p>&nbsp;<\/p>\n<p data-start=\"1128\" data-end=\"1362\">\u00c0 travers mes accompagnements, j\u2019ai \u00e0 c\u0153ur de vous aider \u00e0 retrouver une <strong data-start=\"1201\" data-end=\"1244\">s\u00e9r\u00e9nit\u00e9 professionnelle et personnelle<\/strong>, \u00e0 vous recentrer, \u00e0 clarifier ce qui compte vraiment pour vous, et \u00e0 avancer vers une vie plus align\u00e9e et apais\u00e9e.<\/p>\n<\/div><\/div>[vc_custom_heading text=&#8221;vous aider \u00e0 retrouver une s\u00e9r\u00e9nit\u00e9 professionnelle et personnelle.&#8221; font_container=&#8221;tag:h2|text_align:left|color:%23472200|line_height:1.2&#8243; google_fonts=&#8221;font_family:Playfair%20Display%3Aregular%2Citalic%2C700%2C700italic%2C900%2C900italic|font_style:700%20bold%20regular%3A700%3Anormal&#8221;][vc_empty_space height=&#8221;10px&#8221;][vc_custom_heading text=&#8221;Formations &amp; certifications&#8221; font_container=&#8221;tag:h2|text_align:left|color:%23472200&#8243; google_fonts=&#8221;font_family:Playfair%20Display%3Aregular%2Citalic%2C700%2C700italic%2C900%2C900italic|font_style:400%20regular%3A400%3Anormal&#8221;]<div class=\"item-padd-mob section-text text-block \" ><div class=\"simple-text md\"><p>&#8211; <strong>COACH PROFESSIONNELLE<\/strong> certification RNCP accr\u00e9ditation ACTP<em>\u00a0(niveau PCC)<br \/>\n<\/em>&#8211; <strong>COACHING D&#8217;\u00c9QUIPE<br \/>\n<\/strong>&#8211; <strong>Hypnose Ericksonienne<\/strong> ma\u00eetre praticien<br \/>\n&#8211; <strong>EFT<\/strong>\u00a0 &amp; <strong>bases de PNL<br \/>\n<\/strong>&#8211; <strong>Yoga nidra<\/strong><br \/>\n&#8211; <strong>Restorative Yoga<\/strong><br \/>\n&#8211; <strong>Ecoute active, c<\/strong><strong>ommunication empathique et assertive<\/strong><em>\u00a0<\/em><\/p>\n<\/div><\/div><\/div><\/div><\/section><section  class=\"section no\"><div class=\"row\"><div class=\"wpb_column col-md-12 have-padding  vc_custom_1700231527190\">[vc_empty_space][vc_custom_heading text=&#8221;Un peu plus sur moi&#8221; font_container=&#8221;tag:h2|text_align:left|color:%23472200&#8243; google_fonts=&#8221;font_family:Playfair%20Display%3Aregular%2Citalic%2C700%2C700italic%2C900%2C900italic|font_style:400%20regular%3A400%3Anormal&#8221;]<div class=\"item-padd-mob section-text text-block \" ><div class=\"simple-text md\"><p><strong>Une approche interculturelle, anthropologique et ethnologique<\/strong><\/p>\n<p class=\"p1\">Anthropologue de formation initiale, j\u2019ai la conviction que la rencontre avec l\u2019autre, l\u2019ouverture aux autres cultures, aux diff\u00e9rentes fa\u00e7ons de penser, d\u2019agir, ainsi qu\u2019aux savoirs traditionnels nous invite et nous inspire \u00e0 avoir un autre regard, et \u00e0 \u00e9largir nos perspectives.<br \/>\nCe regard et les exp\u00e9riences v\u00e9cues li\u00e9es \u00e0 cette approche nourrit mes accompagnements.<\/p>\n<p>&nbsp;<\/p>\n<p><em>&#8211;\u00a0 Retraite Vipassana m\u00e9ditation de pleine conscience en silence , France<\/em><\/p>\n<p><em>&#8211;\u00a0 Enseignements bouddhistes par le Dala\u00ef Lama, Dharamsala, Inde<br \/>\n<\/em><\/p>\n<p><em>&#8211;\u00a0 Retraites Bhakti Yoga, \u00e9tude de la Bhagavad Gita,\u00a0 Inde\u00a0<\/em><\/p>\n<p><em>&#8211;\u00a0 Terrains d\u2019ethnologie, aupr\u00e8s de la communaut\u00e9 tib\u00e9taine en Inde<\/em><\/p>\n<p><em>&#8211;\u00a0 Chantier humanitaire b\u00e9n\u00e9volat, Tamil Nadu, Inde\u00a0<\/em><\/p>\n<\/div><\/div>[vc_empty_space][vc_custom_heading text=&#8221;Parcours professionnel&#8221; font_container=&#8221;tag:h2|text_align:left|color:%23472200&#8243; google_fonts=&#8221;font_family:Playfair%20Display%3Aregular%2Citalic%2C700%2C700italic%2C900%2C900italic|font_style:400%20regular%3A400%3Anormal&#8221;]<div class=\"item-padd-mob section-text text-block \" ><div class=\"simple-text md\"><p class=\"p1\"><strong><span class=\"s1\">Postes exerc\u00e9s<\/span><\/strong> : Cadre charg\u00e9e de communication , cheffe de projet \u00e9v\u00e9nementiel, attach\u00e9e de presse, responsable d&#8217;une structure de tourisme, management d&#8217;\u00e9quipes.<\/p>\n<p>&nbsp;<\/p>\n<p class=\"p1\"><strong><span class=\"s1\">Structures<\/span><\/strong> : <i>Centre National d\u2019Etudes Spatiales (CNES)<\/i>, <i>Mairie de Toulouse<\/i> et <i>Grand Toulouse<\/i>, agence de communication <i>Hotel R\u00e9publique<\/i>, collectif de jeunes cr\u00e9atrices de mode \u00e9thique, ONG <i>Free Tibet Campaign<\/i> en Inde, G\u00eete de tourisme <em>Domaine de <\/em><i>Peyrebazal.<\/i><\/p>\n<p>&nbsp;<\/p>\n<p><strong><a href=\"https:\/\/ressourcescoaching.com\/wp-content\/uploads\/2022\/10\/CV_MelaniePortetleDoze.pdf\" target=\"_blank\" rel=\"noopener\">CV_Melanie_PortetleDoze (pdf)<\/a><\/strong><\/p>\n<\/div><\/div><\/div><\/div><\/section><section  class=\"section full_stretch_row_content fullwidth  vc_custom_1711815177313\"><div class=\"row\"><div class=\"wpb_column col-md-12 have-padding\">[vc_empty_space][vc_custom_heading text=&#8221;Mes valeurs&#8221; font_container=&#8221;tag:h2|text_align:center|color:%23472200&#8243; google_fonts=&#8221;font_family:Playfair%20Display%3Aregular%2Citalic%2C700%2C700italic%2C900%2C900italic|font_style:400%20regular%3A400%3Anormal&#8221;]<div class=\"item-padd-mob section-text text-block \" ><div class=\"simple-text md\"><p style=\"text-align: center\">Conscience<\/p>\n<p style=\"text-align: center\">Authenticit\u00e9<\/p>\n<p class=\"p1\" style=\"text-align: center\">Responsabilit\u00e9<\/p>\n<p class=\"p1\" style=\"text-align: center\">Exploration<span class=\"Apple-converted-space\">\u00a0<\/span><\/p>\n<p class=\"p1\" style=\"text-align: center\">Contribution<\/p>\n<\/div><\/div><\/div><div class=\"wpb_column col-md-12 have-padding\"><\/div><div class=\"wpb_column col-md-12 have-padding\"><\/div><div class=\"wpb_column col-md-12 have-padding\"><\/div><div class=\"wpb_column col-md-12 have-padding\"><\/div><div class=\"wpb_column col-md-12 have-padding\"><\/div><\/div><\/section>\n","protected":false},"excerpt":{"rendered":"[vc_empty_space][vc_custom_heading text=\"M\u00e9lanie Portet-le Doze Coach anthropologue\" font_container=\"tag:h2|text_align:right|color:%23472200|line_height:1.2\" google_fonts=\"font_family:Playfair%20Display%3Aregular%2Citalic%2C700%2C700italic%2C900%2C900italic|font_style:700%20bold%20regular%3A700%3Anormal\"][vc_empty_space height=\"50px\"][vc_single_image image=\"4540\" img_size=\"large\" alignment=\"center\" style=\"vc_box_rounded\"][vc_empty_space height=\"50px\"][vc_empty_space]Passionn\u00e9e par l\u2019exploration du monde et du fonctionnement humain, j\u2019ai d\u2019abord choisi l\u2019anthropologie pour comprendre la richesse des cultures et des mani\u00e8res d\u2019\u00eatre au monde. Ce chemin m\u2019a ensuite conduite vers la communication, puis naturellement vers le coaching \u2014 une voie o\u00f9 [...]","protected":false},"author":1,"featured_media":0,"parent":188,"menu_order":0,"comment_status":"closed","ping_status":"open","template":"","meta":{"footnotes":""},"class_list":["post-2","page","type-page","status-publish","hentry"],"jetpack_sharing_enabled":true,"_links":{"self":[{"href":"https:\/\/ressourcescoaching.com\/index.php\/wp-json\/wp\/v2\/pages\/2","targetHints":{"allow":["GET"]}}],"collection":[{"href":"https:\/\/ressourcescoaching.com\/index.php\/wp-json\/wp\/v2\/pages"}],"about":[{"href":"https:\/\/ressourcescoaching.com\/index.php\/wp-json\/wp\/v2\/types\/page"}],"author":[{"embeddable":true,"href":"https:\/\/ressourcescoaching.com\/index.php\/wp-json\/wp\/v2\/users\/1"}],"replies":[{"embeddable":true,"href":"https:\/\/ressourcescoaching.com\/index.php\/wp-json\/wp\/v2\/comments?post=2"}],"version-history":[{"count":391,"href":"https:\/\/ressourcescoaching.com\/index.php\/wp-json\/wp\/v2\/pages\/2\/revisions"}],"predecessor-version":[{"id":4587,"href":"https:\/\/ressourcescoaching.com\/index.php\/wp-json\/wp\/v2\/pages\/2\/revisions\/4587"}],"up":[{"embeddable":true,"href":"https:\/\/ressourcescoaching.com\/index.php\/wp-json\/wp\/v2\/pages\/188"}],"wp:attachment":[{"href":"https:\/\/ressourcescoaching.com\/index.php\/wp-json\/wp\/v2\/media?parent=2"}],"curies":[{"name":"wp","href":"https:\/\/api.w.org\/{rel}","templated":true}]}}