{"id":188,"date":"2016-06-23T12:14:05","date_gmt":"2016-06-23T10:14:05","guid":{"rendered":"http:\/\/themebubble.com\/demo\/adios\/?page_id=188"},"modified":"2024-08-03T11:31:52","modified_gmt":"2024-08-03T09:31:52","slug":"accueil","status":"publish","type":"page","link":"https:\/\/ressourcescoaching.com\/","title":{"rendered":"Accueil"},"content":{"rendered":"<section  class=\"section full_stretch_row_content fullwidth\"><div class=\"row\"><div class=\"wpb_column col-md-12 have-padding\"><\/div><\/div><\/section><section  class=\"section stretch_row_only fullwidth  vc_custom_1654786938577\"><div class=\"container\"><div class=\"row\"><div class=\"wpb_column col-md-4 col-sm-3 wow zoomIn no-padding\" data-wow-delay=\"0.2s\"><div class=\"item-padd-mob section-text text-block custom-font-text-1775506642-1602186012 \" style=\"color:#472200;\"><div class=\"simple-text md\"><div class=\"title-style-2 text-next\">\n<div class=\"sub-title\">\n<h1 class=\"h5\">COACHING<\/h1>\n<p>Positive impact<\/p>\n<\/div>\n<\/div>\n<\/div><\/div><\/div><div class=\"wpb_column col-md-4 col-sm-9 have-padding\">[vc_custom_heading text=&#8221;M\u00e9lanie Portet-le Doze&#8221; font_container=&#8221;tag:h3|text_align:left|color:%23472200&#8243; use_theme_fonts=&#8221;yes&#8221; css_animation=&#8221;none&#8221; css=&#8221;.vc_custom_1708618238018{padding-bottom: 2% !important;}&#8221;]<div class=\"item-padd-mob section-text text-block \" ><div class=\"simple-text md\"><div class=\"simple-text md\" style=\"text-align: left\">\n<p>accompagne les entreprises, structures et particuliers en qu\u00eate de sens, de performances, d&#8217;impact positif et de mieux \u00eatre !<\/p>\n<\/div>\n<\/div><\/div><\/div><div class=\"wpb_column col-md-4 col-sm-6 have-padding\">[vc_custom_heading text=&#8221;Raison d&#8217;\u00eatre&#8221; font_container=&#8221;tag:h3|text_align:left|color:%23472200&#8243; use_theme_fonts=&#8221;yes&#8221; css_animation=&#8221;none&#8221; css=&#8221;.vc_custom_1710691314124{padding-bottom: 2% !important;}&#8221;]<div class=\"item-padd-mob section-text text-block \" ><div class=\"simple-text md\"><div class=\"simple-text md\">\n<p>Participer \u00e0 un futur o\u00f9 chacun(e) rayonne de son plein potentiel et apporte sa contribution pour cr\u00e9er le monde dans lequel nous voulons vivre.<\/p>\n<\/div>\n<\/div><\/div><\/div><\/div><\/div><\/section><section  class=\"section full_stretch_row_content fullwidth  vc_custom_1621981428102\"><div class=\"row\"><div class=\"wpb_column col-md-12 no-padding  vc_custom_1621981160372\"><div class=\"item-padd-mob section-text text-block \" ><div class=\"simple-text md\"><\/div><\/div><\/div><\/div><\/section><section  class=\"section full_stretch_row_content fullwidth pt-100 pb-100  vc_custom_1708611637090\"><div class=\"row\"><div class=\"wpb_column col-md-12 col-sm-12 col-xs-12 wow zoomIn have-padding\" data-wow-delay=\"0.2s\"><section  class=\"section stretch_row_only fullwidth  vc_custom_1708611621742\"><div class=\"container\"><div class=\"row\"><div class=\"wpb_column col-md-6 have-padding\"><div  class=\"service-item item-hov\"><div class=\"title\"><h4 class=\"h4\">COACHING PROFESSIONNEL<\/h4><\/div><div class=\"simple-text\"><p style=\"text-align: center;font-size: 1.2em\"><strong>Innovons !<\/strong><\/p>\n<p style=\"text-align: center;font-size: 1.2em\">S&#8217;aligner sur vos valeurs, votre raison d&#8217;\u00eatre<\/p>\n<p style=\"text-align: center;font-size: 1.2em\">Oeuvrer en intelligence collective<\/p>\n<p style=\"text-align: center;font-size: 1.2em\">Ecouter et f\u00e9d\u00e9rer vos \u00e9quipes<\/p>\n<p style=\"text-align: center;font-size: 1.2em\">Am\u00e9liorer votre communication<\/p>\n<p style=\"text-align: center;font-size: 1.2em\">Instaurer un bien-\u00eatre au travail<\/p>\n<p style=\"text-align: center;font-size: 1.2em\">\u00catre un(e) leader align\u00e9(e) et authentique<\/p>\n<\/div><a href=\"https:\/\/ressourcescoaching.com\/index.php\/accueil\/professionnels\/\" title=\"Professionnels\" target=\"_self\" class=\"link-type-1\">Lire plus<i class=\"icon-right-open-mini\"><\/i><\/a><\/div><\/div><div class=\"wpb_column col-md-6 have-padding\"><div  class=\"service-item item-hov\"><div class=\"title\"><h4 class=\"h4\">COACHING PARTICULIER<\/h4><\/div><div class=\"simple-text\"><p style=\"font-size: 1.2em;text-align: center\"><strong>Just change !<\/strong><\/p>\n<p style=\"font-size: 1.2em;text-align: center\">Vivre une vie plus align\u00e9e<\/p>\n<p style=\"font-size: 1.2em;text-align: center\">Avoir confiance en vous et passer \u00e0 l&#8217;action<\/p>\n<p style=\"font-size: 1.2em;text-align: center\">Am\u00e9liorer votre communication<\/p>\n<p style=\"font-size: 1.2em;text-align: center\">Equilibrer vie professionnelle et vie personnelle<\/p>\n<p style=\"font-size: 1.2em;text-align: center\">&#8220;G\u00e9rer&#8221; votre stress et vos \u00e9motions<\/p>\n<p style=\"font-size: 1.2em;text-align: center\">Trouver votre &#8220;rituel mieux \u00eatre&#8221; quotidien<\/p>\n<\/div><a href=\"https:\/\/ressourcescoaching.com\/index.php\/accueil\/particuliers\/\" title=\"Particuliers\" target=\"_self\" class=\"link-type-1\">Lire plus<i class=\"icon-right-open-mini\"><\/i><\/a><\/div><\/div><\/div><\/div><\/section><\/div><\/div><\/section><section  class=\"section full_stretch_row_content fullwidth padd-sm  vc_custom_1655242813055\" style=\" background-position:center center; background-attachment:fixed;\"><div class=\"row\"><div class=\"wpb_column col-md-12 have-padding\"><div  class=\"folow-item col-white wow zoomIn\" data-wow-delay=\"0.4s\"><img decoding=\"async\" src=\"https:\/\/ressourcescoaching.com\/wp-content\/uploads\/2021\/06\/Melanie_portrait_Insta.png\" alt=\"\"><h6 class=\"h7 title\">M\u00e9lanie PORTET-LE DOZE E.I.<\/h6><div class=\"simple-text\"><h5>Coach professionnelle certifi\u00e9e rncp<\/h5>\n<\/div><div class=\"folow-info\"><b><\/b><span>posts<\/span><\/div><div class=\"folow-info\"><b><\/b><span>followers<\/span><\/div><div class=\"folow-info\"><b><\/b><span>following<\/span><\/div><div class=\"clear\"><\/div><a href=\"https:\/\/www.instagram.com\/melanie.portetledoze_coaching\/?hl=fr\" title=\"@melanie.portetledoze_coaching\" target=\"_blank\" class=\"link-type-2\"><span>Suivez-moi<\/span><\/a><\/div><\/div><\/div><\/section>\n","protected":false},"excerpt":{"rendered":"COACHING Positive impact [vc_custom_heading text=\"M\u00e9lanie Portet-le Doze\" font_container=\"tag:h3|text_align:left|color:%23472200\" use_theme_fonts=\"yes\" css_animation=\"none\" css=\".vc_custom_1708618238018{padding-bottom: 2% !important;}\"] accompagne les entreprises, structures et particuliers en qu\u00eate de sens, de performances, d'impact positif et de mieux \u00eatre ! [vc_custom_heading text=\"Raison d'\u00eatre\" font_container=\"tag:h3|text_align:left|color:%23472200\" use_theme_fonts=\"yes\" css_animation=\"none\" css=\".vc_custom_1710691314124{padding-bottom: 2% !important;}\"] Participer \u00e0 un futur o\u00f9 chacun(e) rayonne de son plein potentiel et apporte sa [...]","protected":false},"author":1,"featured_media":0,"parent":0,"menu_order":0,"comment_status":"closed","ping_status":"closed","template":"","meta":{"footnotes":""},"class_list":["post-188","page","type-page","status-publish","hentry"],"jetpack_sharing_enabled":true,"_links":{"self":[{"href":"https:\/\/ressourcescoaching.com\/index.php\/wp-json\/wp\/v2\/pages\/188","targetHints":{"allow":["GET"]}}],"collection":[{"href":"https:\/\/ressourcescoaching.com\/index.php\/wp-json\/wp\/v2\/pages"}],"about":[{"href":"https:\/\/ressourcescoaching.com\/index.php\/wp-json\/wp\/v2\/types\/page"}],"author":[{"embeddable":true,"href":"https:\/\/ressourcescoaching.com\/index.php\/wp-json\/wp\/v2\/users\/1"}],"replies":[{"embeddable":true,"href":"https:\/\/ressourcescoaching.com\/index.php\/wp-json\/wp\/v2\/comments?post=188"}],"version-history":[{"count":999,"href":"https:\/\/ressourcescoaching.com\/index.php\/wp-json\/wp\/v2\/pages\/188\/revisions"}],"predecessor-version":[{"id":4463,"href":"https:\/\/ressourcescoaching.com\/index.php\/wp-json\/wp\/v2\/pages\/188\/revisions\/4463"}],"wp:attachment":[{"href":"https:\/\/ressourcescoaching.com\/index.php\/wp-json\/wp\/v2\/media?parent=188"}],"curies":[{"name":"wp","href":"https:\/\/api.w.org\/{rel}","templated":true}]}}