{"id":127,"date":"2016-06-21T15:25:10","date_gmt":"2016-06-21T13:25:10","guid":{"rendered":"http:\/\/themebubble.com\/demo\/adios\/?page_id=127"},"modified":"2024-05-21T23:49:59","modified_gmt":"2024-05-21T21:49:59","slug":"home","status":"publish","type":"page","link":"https:\/\/ressourcescoaching.com\/index.php\/accueil\/home\/","title":{"rendered":"Coaching"},"content":{"rendered":"<section  class=\"section full_stretch_row_content fullwidth  vc_custom_1697656422778\"><div class=\"row\"><div class=\"wpb_column col-md-6 col-sm-3 have-padding  vc_custom_1697472390760\"><div class=\"item-padd-mob section-text text-block \" ><div class=\"simple-text md\"><div class=\"simple-text lg\" style=\"text-align: right\">\n<h2><\/h2>\n<h4 style=\"font-family: 'Playfair Display';color: #472200;font-size: 60px;padding: 40px;text-align: left;line-height: 48px\">&#8220;La seule fa\u00e7on d&#8217;accomplir est d&#8217;\u00eatre.&#8221;<\/h4>\n<p>&#8211; Lao Tseu<\/p>\n<\/div>\n<\/div><\/div><div class=\"item-padd-mob section-text text-block \" ><div class=\"simple-text md\"><\/div><\/div>[vc_empty_space height=&#8221;40px&#8221;]<\/div><div class=\"wpb_column col-md-6 have-padding  vc_custom_1654820723460\"><\/div><\/div><\/section><section  class=\"section full_stretch_row_content fullwidth  vc_custom_1697656468692\"><div class=\"row\"><div class=\"wpb_column col-md-6 have-padding\"><section  class=\"section stretch_row_only fullwidth\"><div class=\"container\"><div class=\"row\"><div class=\"wpb_column col-md-12 have-padding\">[vc_single_image image=&#8221;1479&#8243; img_size=&#8221;large&#8221;]<\/div><\/div><\/div><\/section><\/div><div class=\"wpb_column col-md-6 have-padding  vc_custom_1654817531903\"><div class=\"item-padd-mob section-text text-block \" ><div class=\"simple-text md\"><div class=\"simple-text lg\" style=\"text-align: right\">\n<h2 style=\"font-family: 'Playfair Display';color: #fff2e2;font-size: 60px;padding: 40px;text-align: left;line-height: 48px\">Un coaching destin\u00e9 \u00e0 am\u00e9liorer l&#8217;<strong>ouverture d&#8217;esprit<\/strong> et la <strong>responsabilit\u00e9 <\/strong>sert \u00e0 court terme \u00e0 mener un projet \u00e0 bien et \u00e0 long terme \u00e0 am\u00e9liorer la <strong>qualit\u00e9 de vie<\/strong>.<\/h2>\n<\/div>\n<\/div><\/div><\/div><\/div><\/section><section  class=\"section full_stretch_row_content fullwidth  vc_custom_1650314189772\"><div class=\"row\"><div class=\"wpb_column col-md-12 wow zoomIn no-padding\" data-wow-delay=\"0.2s\"><section  class=\"section stretch_row_content fullwidth  vc_custom_1654391639250\"><div class=\"row\"><div class=\"wpb_column col-md-6 have-padding\">[vc_custom_heading text=&#8221;Qu&#8217;est-ce que le coaching ?&#8221; font_container=&#8221;tag:h2|text_align:left|color:%23472200&#8243; google_fonts=&#8221;font_family:Playfair%20Display%3Aregular%2Citalic%2C700%2C700italic%2C900%2C900italic|font_style:400%20regular%3A400%3Anormal&#8221; css_animation=&#8221;none&#8221; css=&#8221;.vc_custom_1700237210407{margin-left: 30px !important;}&#8221;]<div class=\"item-padd-mob section-text text-block \" ><div class=\"simple-text md\"><p>Gr\u00e2ce \u00e0 une \u00e9coute en pleine conscience, \u00e0 un questionnement adapt\u00e9, en avan\u00e7ant pas \u00e0 pas, le coaching est un processus qui permet de susciter prise de conscience, responsabilit\u00e9, r\u00e9flexion, cr\u00e9ativit\u00e9 et action.<\/p>\n<p>&nbsp;<\/p>\n<p><strong><em>&#8220;Les gens qu&#8217;on interroge, pourvu qu&#8217;on les interroge bien, trouvent en eux-m\u00eame les bonnes r\u00e9ponses<\/em>&#8221; (Socrate).<\/strong><\/p>\n<p>&nbsp;<\/p>\n<p>Le coaching permet ainsi gr\u00e2ce \u00e0 une alliance et un contrat avec votre coach, d&#8217;\u00e9largir la perspective dans laquelle vous vous trouvez, de r\u00e9v\u00e9ler, r\u00e9veiller et d&#8217;activer pleinement vos ressources et potentiels pour atteindre vos objectifs professionnels et personnels.<\/p>\n<\/div><\/div>[vc_custom_heading text=&#8221;Engagement&#8221; font_container=&#8221;tag:h2|text_align:left|color:%23472200&#8243; google_fonts=&#8221;font_family:Playfair%20Display%3Aregular%2Citalic%2C700%2C700italic%2C900%2C900italic|font_style:400%20regular%3A400%3Anormal&#8221; css_animation=&#8221;none&#8221; css=&#8221;.vc_custom_1709826883250{margin-left: 30px !important;padding-top: 3% !important;}&#8221;]<div class=\"item-padd-mob section-text text-block \" ><div class=\"simple-text md\"><p><a href=\"https:\/\/ressourcescoaching.com\/index.php\/accueil\/votrecoach\/\" target=\"_blank\" rel=\"noopener\">Votre coach <\/a>\u00a0: titulaire d&#8217;un dipl\u00f4me national de coach professionnel (certifi\u00e9e RNCP) j&#8217;ai \u00e9t\u00e9 form\u00e9e par <strong>Coaching Ways<\/strong>, une \u00e9cole de coaching accr\u00e9dit\u00e9e par la F\u00e9d\u00e9ration Internationale de Coaching (ICF).<\/p>\n<p>Une formation pointue reconnue, tant au niveau du fond que du processus p\u00e9dagogique exp\u00e9rientiel. Mes formations compl\u00e9mentaires sont \u00e9galement certifi\u00e9es.<\/p>\n<p>&nbsp;<\/p>\n<p><strong>Membre d&#8217;ICF <\/strong>(International Coaching Federation), je respecte <strong><a href=\"http:\/\/coachfederation.org\/app\/uploads\/2020\/03\/Code_of_Ethics_FRENCH_2020.pdf\" target=\"_blank\" rel=\"noopener\">le code de d\u00e9ontologie et d&#8217;\u00e9thique d&#8217;ICF\u00a0\u00a0<\/a><br \/>\n<\/strong><\/p>\n<p>&nbsp;<\/p>\n<p><em>Les collaborateurs dont je m&#8217;accompagne attestent \u00e9galement d&#8217;une \u00e9thique partag\u00e9e.<\/em><\/p>\n<p>&nbsp;<\/p>\n<p>Je suis mentor\u00e9e, supervis\u00e9e par coachs et th\u00e9rapeutes selon les besoins, et me forme r\u00e9guli\u00e8rement afin d&#8217;ajuster ma pratique et mes outils.<\/p>\n<p>&nbsp;<\/p>\n<p><strong><em>Mes engagements de coach : pr\u00e9sence, empathie, engagement, \u00e9coute active, accueil, non-jugement, confidentialit\u00e9, authenticit\u00e9, assertivit\u00e9 tout au long de l&#8217;accompagnement.<\/em><\/strong><\/p>\n<\/div><\/div><\/div><div class=\"wpb_column col-md-6 have-padding\">[vc_custom_heading text=&#8221;Approche&#8221; font_container=&#8221;tag:h2|text_align:left|color:%23472200&#8243; google_fonts=&#8221;font_family:Playfair%20Display%3Aregular%2Citalic%2C700%2C700italic%2C900%2C900italic|font_style:400%20regular%3A400%3Anormal&#8221; css_animation=&#8221;none&#8221; css=&#8221;.vc_custom_1709826875470{margin-left: 30px !important;}&#8221;]<div class=\"item-padd-mob section-text text-block \" ><div class=\"simple-text md\"><p>Mon approche est bas\u00e9e sur une interconnexion corps, pens\u00e9es et \u00e9motions.<\/p>\n<p>La plupart de nos pens\u00e9es sont charg\u00e9es d&#8217;\u00e9motions qui ont des r\u00e9percussions corporelles. Nos sensations corporelles d\u00e9clenchent \u00e0 leur tour des m\u00e9canismes mentaux et vice versa.<\/p>\n<p>Nous pouvons affirmer que les tensions, les blocages, les inhibitions peuvent \u00eatre d\u00e9jou\u00e9s soit au niveau mental, comme au niveau corporel , \u00e9motionnel ou \u00e9nerg\u00e9tique et que tout progr\u00e8s sur l&#8217;un de ces quatre plans entraine g\u00e9n\u00e9ralement une am\u00e9lioration sur les autres plans.<\/p>\n<p>&nbsp;<\/p>\n<p>J&#8217;utilise \u00e9galement l&#8217;<strong>EFT<\/strong> (Emotional Freedom Technique) et l&#8217;<strong>hypnose \u00e9ricksonienne<\/strong> pour d\u00e9passer des blocages profonds \u00e0 un niveau conscient et inconscient :<\/p>\n<p>&#8211; pour une meilleure gestion du stress,<\/p>\n<p>&#8211; pour se lib\u00e9rer de peurs,<\/p>\n<p>&#8211; pour d\u00e9samorcer des freins et des blocages qui persistent.<\/p>\n<p>&nbsp;<\/p>\n<p><em>En compl\u00e9ment mon expertise en <strong>restorative yoga<\/strong>,\u00a0 apporte une aide significative dans la pr\u00e9vention du stress et du burn out. Ce &#8220;slow yoga&#8221; ou &#8220;art de ne rien faire&#8221; , proche de la relaxation , agit physiologiquement\u00a0 par la stimulation du nerf vague et permet une r\u00e9gulation du syst\u00e8me nerveux.<\/em><\/p>\n<\/div><\/div>[vc_custom_heading text=&#8221;Processus&#8221; font_container=&#8221;tag:h2|text_align:left|color:%23472200&#8243; google_fonts=&#8221;font_family:Playfair%20Display%3Aregular%2Citalic%2C700%2C700italic%2C900%2C900italic|font_style:400%20regular%3A400%3Anormal&#8221; css_animation=&#8221;none&#8221; css=&#8221;.vc_custom_1700237458231{margin-left: 30px !important;padding-top: 3% !important;}&#8221;]<div class=\"item-padd-mob section-text text-block \" ><div class=\"simple-text md\"><p>Le coaching suit un processus comprenant plusieurs \u00e9tapes \u00e0 travers lesquelles vous devenez pleinement actrice et acteur de votre changement :<\/p>\n<p>&nbsp;<\/p>\n<p>&#8211; contrat<\/p>\n<p>&#8211; clarification de l&#8217;objectif<\/p>\n<p>&#8211; exploration des freins, des croyances limitantes,<\/p>\n<p>&#8211; identification des valeurs, des ressources,<\/p>\n<p>&#8211; prise de conscience.<\/p>\n<p>&#8211; exploration du champ des possibles, des options<\/p>\n<p>&#8211; d\u00e9roul\u00e9 d&#8217;un plan d&#8217;action<\/p>\n<p>&nbsp;<\/p>\n<p>Vous parvenez ainsi \u00e0 identifier vos ressources, votre potentiel, vos valeurs profondes qui vous poussent vers le passage \u00e0 l&#8217;action.<\/p>\n<\/div><\/div><\/div><\/div><\/section>[vc_empty_space height=&#8221;35px&#8221;][vc_separator border_width=&#8221;2&#8243;][vc_empty_space height=&#8221;35px&#8221;]<\/div><\/div><\/section><section  class=\"section no\"><div class=\"row\"><div class=\"wpb_column col-md-6 have-padding\"><div class=\"item-padd-mob section-text text-block \" ><div class=\"simple-text md\"><p><strong>Bien choisir sa\/son coach<\/strong> : \u00c0 partir d&#8217;un \u00e9change, d&#8217;un accord, et d&#8217;un contrat <strong>une alliance<\/strong> se cr\u00e9e avec votre coach. A partir de l\u00e0 <strong>tout peut commencer<\/strong>. Pour cela il est important de se sentir en <strong>confiance<\/strong> et en <strong>s\u00e9curit\u00e9<\/strong> avec la ou le coach que vous choisissez.<\/p>\n<\/div><\/div><\/div><div class=\"wpb_column col-md-6 have-padding\"><div class=\"item-padd-mob section-text text-block \" ><div class=\"simple-text md\"><p>Le coaching int\u00e8gre les plus r\u00e9cents d\u00e9veloppements des <strong>th\u00e9ories comportementales et cognitives<\/strong>. Il se diff\u00e9rencie de la th\u00e9rapie (\u00e9tant orient\u00e9e pass\u00e9 et gu\u00e9rison); le coaching, \u00e9tant lui, <strong>ax\u00e9<\/strong> <strong>pr\u00e9sent \/ futur<\/strong>, orient\u00e9 <strong>&#8220;changements, solutions et actions&#8221;<\/strong>.<\/p>\n<\/div><\/div><div class=\"item-padd-mob section-text text-block \" ><div class=\"simple-text md\"><\/div><\/div><\/div><\/div><\/section><section  class=\"section no\"><div class=\"row\"><div class=\"wpb_column col-md-6 align-center have-padding\">[vc_btn title=&#8221;Accompagnement COACHING pour les PROFESSIONNELS&#8221; align=&#8221;center&#8221; link=&#8221;url:https%3A%2F%2Fressourcescoaching.com%2Findex.php%2Faccueil%2Fprofessionnels%2F|title:Un%20accompagnement%20pour%20les%20professionnels||&#8221;][vc_btn title=&#8221;Accompagnement COACHING pour les PARTICULIERS&#8221; align=&#8221;center&#8221; link=&#8221;url:https%3A%2F%2Fressourcescoaching.com%2Findex.php%2Faccueil%2Fparticuliers%2F|title:Programme%20d&#8217;accompagnement%20personnalis%C3%A9||&#8221;]<\/div><div class=\"wpb_column col-md-6 have-padding\"><div class=\"item-padd-mob section-text text-block \" ><div class=\"simple-text md\"><p>&#8220;<em>Le coaching avec M\u00e9lanie m&#8217;a permis d<\/em>e s<em>ortir du brouillard, retrouver de la clart\u00e9, de la clart\u00e9 sur mes blocages, sur ce qui est important pour moi, sur mes valeurs profondes, sur mes &#8220;non-n\u00e9gociables&#8221; avec moi m\u00eame &#8230; cela m&#8217;a permis de voir clairement o\u00f9 je veux aller et enfin avancer<\/em>&#8221;<br \/>\n(T\u00e9moignage d&#8217;Elodie)<\/p>\n<\/div><\/div><\/div><\/div><\/section><section  class=\"section no\"><div class=\"row\"><div class=\"wpb_column col-md-4 align-center have-padding\"><\/div><div class=\"wpb_column col-md-4 have-padding\"><\/div><div class=\"wpb_column col-md-4 have-padding\"><\/div><\/div><\/section>\n","protected":false},"excerpt":{"rendered":"\"La seule fa\u00e7on d'accomplir est d'\u00eatre.\" - Lao Tseu [vc_empty_space height=\"40px\"][vc_single_image image=\"1479\" img_size=\"large\"] Un coaching destin\u00e9 \u00e0 am\u00e9liorer l'ouverture d'esprit et la responsabilit\u00e9 sert \u00e0 court terme \u00e0 mener un projet \u00e0 bien et \u00e0 long terme \u00e0 am\u00e9liorer la qualit\u00e9 de vie. [vc_custom_heading text=\"Qu'est-ce que le coaching ?\" font_container=\"tag:h2|text_align:left|color:%23472200\" google_fonts=\"font_family:Playfair%20Display%3Aregular%2Citalic%2C700%2C700italic%2C900%2C900italic|font_style:400%20regular%3A400%3Anormal\" css_animation=\"none\" css=\".vc_custom_1700237210407{margin-left: 30px !important;}\"]Gr\u00e2ce [...]","protected":false},"author":1,"featured_media":0,"parent":188,"menu_order":0,"comment_status":"closed","ping_status":"closed","template":"","meta":{"footnotes":""},"class_list":["post-127","page","type-page","status-publish","hentry"],"jetpack_sharing_enabled":true,"_links":{"self":[{"href":"https:\/\/ressourcescoaching.com\/index.php\/wp-json\/wp\/v2\/pages\/127","targetHints":{"allow":["GET"]}}],"collection":[{"href":"https:\/\/ressourcescoaching.com\/index.php\/wp-json\/wp\/v2\/pages"}],"about":[{"href":"https:\/\/ressourcescoaching.com\/index.php\/wp-json\/wp\/v2\/types\/page"}],"author":[{"embeddable":true,"href":"https:\/\/ressourcescoaching.com\/index.php\/wp-json\/wp\/v2\/users\/1"}],"replies":[{"embeddable":true,"href":"https:\/\/ressourcescoaching.com\/index.php\/wp-json\/wp\/v2\/comments?post=127"}],"version-history":[{"count":662,"href":"https:\/\/ressourcescoaching.com\/index.php\/wp-json\/wp\/v2\/pages\/127\/revisions"}],"predecessor-version":[{"id":4448,"href":"https:\/\/ressourcescoaching.com\/index.php\/wp-json\/wp\/v2\/pages\/127\/revisions\/4448"}],"up":[{"embeddable":true,"href":"https:\/\/ressourcescoaching.com\/index.php\/wp-json\/wp\/v2\/pages\/188"}],"wp:attachment":[{"href":"https:\/\/ressourcescoaching.com\/index.php\/wp-json\/wp\/v2\/media?parent=127"}],"curies":[{"name":"wp","href":"https:\/\/api.w.org\/{rel}","templated":true}]}}